{"id":25,"date":"2024-09-25T12:23:22","date_gmt":"2024-09-25T12:23:22","guid":{"rendered":"https:\/\/www.maurice.louisst.o2switch.site\/blog\/?page_id=25"},"modified":"2024-11-13T08:49:14","modified_gmt":"2024-11-13T08:49:14","slug":"que-faire-apres-un-bts-ndrc","status":"publish","type":"page","link":"https:\/\/www.maurice.louisst.o2switch.site\/blog\/que-faire-apres-un-bts-ndrc\/","title":{"rendered":"Que faire apr\u00e8s un BTS NDRC ?"},"content":{"rendered":"\n<p>Le BTS N\u00e9gociation et Digitalisation de la Relation Client (NDRC) est un dipl\u00f4me tr\u00e8s complet qui pr\u00e9pare les \u00e9tudiants aux m\u00e9tiers du commerce, de la vente et de la gestion de la relation client, avec une forte dimension num\u00e9rique. Une fois ce dipl\u00f4me en poche, les dipl\u00f4m\u00e9s se retrouvent face \u00e0 plusieurs choix pour continuer \u00e0 avancer dans leur parcours professionnel. Alors, que faire apr\u00e8s un BTS NDRC ? Voici un tour d\u2019horizon des principales options.<\/p>\n\n\n\n<p>1. <strong>Poursuivre ses \u00e9tudes : vers des formations sp\u00e9cialis\u00e9es<\/strong><\/p>\n\n\n\n<p>Les licences professionnelles<\/p>\n\n\n\n<p>Les Bachelors<\/p>\n\n\n\n<p>Les Masters<\/p>\n\n\n\n<p>2. <strong>S\u2019ins\u00e9rer directement dans le monde professionnel<\/strong><\/p>\n\n\n\n<p>En tant que commercial,<\/p>\n\n\n\n<p>En tant que charg\u00e9 de client\u00e8le<\/p>\n\n\n\n<p>En tant que responsable relation client<\/p>\n\n\n\n<figure class=\"wp-block-embed is-type-video is-provider-youtube wp-block-embed-youtube wp-embed-aspect-16-9 wp-has-aspect-ratio\"><div class=\"wp-block-embed__wrapper\">\n<div class=\"ast-oembed-container \" style=\"height: 100%;\"><iframe loading=\"lazy\" title=\"Tout savoir sur le BTS NDRC (N\u00e9gociation et Digitalisation de la Relation Client) - by digiSchool\" width=\"500\" height=\"281\" src=\"https:\/\/www.youtube.com\/embed\/FLBOdl4R2YI?feature=oembed\" frameborder=\"0\" allow=\"accelerometer; autoplay; clipboard-write; encrypted-media; gyroscope; picture-in-picture; web-share\" referrerpolicy=\"strict-origin-when-cross-origin\" allowfullscreen><\/iframe><\/div>\n<\/div><\/figure>\n\n\n\n<p>Apr\u00e8s un BTS NDRC, les possibilit\u00e9s sont vastes. Que tu choisisses de poursuivre tes \u00e9tudes pour te sp\u00e9cialiser davantage ou de rentrer directement dans le monde du travail, ce dipl\u00f4me te pr\u00e9pare \u00e0 une large gamme de m\u00e9tiers dans des secteurs en constante \u00e9volution, notamment gr\u00e2ce \u00e0 l&rsquo;essor du digital. L\u2019important est de d\u00e9finir tes objectifs \u00e0 court et moyen terme, et de choisir la voie qui te permettra de les atteindre tout en restant align\u00e9 avec tes aspirations professionnelles.<\/p>\n\n\n\n\n\n<p><\/p>\n","protected":false},"excerpt":{"rendered":"<p>Le BTS N\u00e9gociation et Digitalisation de la Relation Client (NDRC) est un dipl\u00f4me tr\u00e8s complet qui pr\u00e9pare les \u00e9tudiants aux [&hellip;]<\/p>\n","protected":false},"author":1,"featured_media":0,"parent":0,"menu_order":0,"comment_status":"closed","ping_status":"closed","template":"","meta":{"_uag_custom_page_level_css":"","site-sidebar-layout":"default","site-content-layout":"","ast-site-content-layout":"","site-content-style":"default","site-sidebar-style":"default","ast-global-header-display":"","ast-banner-title-visibility":"","ast-main-header-display":"","ast-hfb-above-header-display":"","ast-hfb-below-header-display":"","ast-hfb-mobile-header-display":"","site-post-title":"","ast-breadcrumbs-content":"","ast-featured-img":"","footer-sml-layout":"","theme-transparent-header-meta":"","adv-header-id-meta":"","stick-header-meta":"","header-above-stick-meta":"","header-main-stick-meta":"","header-below-stick-meta":"","astra-migrate-meta-layouts":"default","ast-page-background-enabled":"default","ast-page-background-meta":{"desktop":{"background-color":"var(--ast-global-color-4)","background-image":"","background-repeat":"repeat","background-position":"center center","background-size":"auto","background-attachment":"scroll","background-type":"","background-media":"","overlay-type":"","overlay-color":"","overlay-opacity":"","overlay-gradient":""},"tablet":{"background-color":"","background-image":"","background-repeat":"repeat","background-position":"center center","background-size":"auto","background-attachment":"scroll","background-type":"","background-media":"","overlay-type":"","overlay-color":"","overlay-opacity":"","overlay-gradient":""},"mobile":{"background-color":"","background-image":"","background-repeat":"repeat","background-position":"center center","background-size":"auto","background-attachment":"scroll","background-type":"","background-media":"","overlay-type":"","overlay-color":"","overlay-opacity":"","overlay-gradient":""}},"ast-content-background-meta":{"desktop":{"background-color":"var(--ast-global-color-5)","background-image":"","background-repeat":"repeat","background-position":"center center","background-size":"auto","background-attachment":"scroll","background-type":"","background-media":"","overlay-type":"","overlay-color":"","overlay-opacity":"","overlay-gradient":""},"tablet":{"background-color":"var(--ast-global-color-5)","background-image":"","background-repeat":"repeat","background-position":"center center","background-size":"auto","background-attachment":"scroll","background-type":"","background-media":"","overlay-type":"","overlay-color":"","overlay-opacity":"","overlay-gradient":""},"mobile":{"background-color":"var(--ast-global-color-5)","background-image":"","background-repeat":"repeat","background-position":"center center","background-size":"auto","background-attachment":"scroll","background-type":"","background-media":"","overlay-type":"","overlay-color":"","overlay-opacity":"","overlay-gradient":""}},"footnotes":""},"class_list":["post-25","page","type-page","status-publish","hentry"],"uagb_featured_image_src":{"full":false,"thumbnail":false,"medium":false,"medium_large":false,"large":false,"1536x1536":false,"2048x2048":false},"uagb_author_info":{"display_name":"admin","author_link":"https:\/\/www.maurice.louisst.o2switch.site\/blog\/author\/admin\/"},"uagb_comment_info":0,"uagb_excerpt":"Le BTS N\u00e9gociation et Digitalisation de la Relation Client (NDRC) est un dipl\u00f4me tr\u00e8s complet qui pr\u00e9pare les \u00e9tudiants aux [&hellip;]","_links":{"self":[{"href":"https:\/\/www.maurice.louisst.o2switch.site\/blog\/wp-json\/wp\/v2\/pages\/25","targetHints":{"allow":["GET"]}}],"collection":[{"href":"https:\/\/www.maurice.louisst.o2switch.site\/blog\/wp-json\/wp\/v2\/pages"}],"about":[{"href":"https:\/\/www.maurice.louisst.o2switch.site\/blog\/wp-json\/wp\/v2\/types\/page"}],"author":[{"embeddable":true,"href":"https:\/\/www.maurice.louisst.o2switch.site\/blog\/wp-json\/wp\/v2\/users\/1"}],"replies":[{"embeddable":true,"href":"https:\/\/www.maurice.louisst.o2switch.site\/blog\/wp-json\/wp\/v2\/comments?post=25"}],"version-history":[{"count":5,"href":"https:\/\/www.maurice.louisst.o2switch.site\/blog\/wp-json\/wp\/v2\/pages\/25\/revisions"}],"predecessor-version":[{"id":122,"href":"https:\/\/www.maurice.louisst.o2switch.site\/blog\/wp-json\/wp\/v2\/pages\/25\/revisions\/122"}],"wp:attachment":[{"href":"https:\/\/www.maurice.louisst.o2switch.site\/blog\/wp-json\/wp\/v2\/media?parent=25"}],"curies":[{"name":"wp","href":"https:\/\/api.w.org\/{rel}","templated":true}]}}