{"id":46,"date":"2024-09-29T20:27:31","date_gmt":"2024-09-29T20:27:31","guid":{"rendered":"https:\/\/www.maurice.louisst.o2switch.site\/blog\/?page_id=46"},"modified":"2024-11-25T09:40:19","modified_gmt":"2024-11-25T09:40:19","slug":"accueil","status":"publish","type":"page","link":"https:\/\/www.maurice.louisst.o2switch.site\/blog\/","title":{"rendered":"Accueil"},"content":{"rendered":"\n<div class=\"wp-block-buttons is-layout-flex wp-block-buttons-is-layout-flex\"><\/div>\n\n\n\n<p>Bienvenue sur Mulberry Tree, votre destination incontournable pour l&rsquo;univers de la mode et des expositions !<\/p>\n\n\n\n<p>Nous vous invitons \u00e0 explorer les derni\u00e8res tendances, d\u00e9couvrir les cr\u00e9ateurs \u00e9mergents et plonger dans l&rsquo;art de la mode \u00e0 travers des expositions fascinantes. Que vous soyez passionn\u00e9 par l&rsquo;\u00e9l\u00e9gance intemporelle ou que vous cherchiez \u00e0 vous inspirer des innovations les plus avant-gardistes, notre site vous offre une fen\u00eatre ouverte sur un monde o\u00f9 la cr\u00e9ativit\u00e9 et l&rsquo;expression artistique se rencontrent.<\/p>\n\n\n\n<p>Sur notre site, vous trouverez une couverture compl\u00e8te de l\u2019actualit\u00e9 des expositions, des interviews d&rsquo;artistes, des analyses critiques et des reportages exclusifs. Que vous soyez passionn\u00e9 de mode ou simplement curieux d&rsquo;en savoir plus sur l&rsquo;\u00e9volution de cet art, vous y d\u00e9couvrirez des histoires inspirantes et des perspectives nouvelles.<\/p>\n\n\n\n<p>Suivez notre actualit\u00e9 pour ne rien manquer des \u00e9v\u00e9nements \u00e0 venir, des analyses de collections et des portraits de talents qui fa\u00e7onnent l&rsquo;avenir de la mode. Laissez-vous emporter par le rythme de la mode et de l&rsquo;art !<\/p>\n\n\n\n<div class=\"wp-block-uagb-forms uagb-forms__outer-wrap uagb-block-297b73a2 uagb-forms__medium-btn\"><form class=\"uagb-forms-main-form\" method=\"post\" autocomplete=\"on\" name=\"uagb-form-297b73a2\">\n<div class=\"wp-block-uagb-forms-name uagb-forms-name-wrap uagb-forms-field-set uagb-block-38b07c38\"><div class=\"uagb-forms-name-label required uagb-forms-input-label\" id=\"38b07c38\">Nom<\/div><input type=\"text\" placeholder=\"John\" required class=\"uagb-forms-name-input uagb-forms-input\" name=\"38b07c38\" autocomplete=\"given-name\"\/><\/div>\n\n\n\n<div class=\"wp-block-uagb-forms-name uagb-forms-name-wrap uagb-forms-field-set uagb-block-624f0202\"><div class=\"uagb-forms-name-label required uagb-forms-input-label\" id=\"624f0202\">Pr\u00e9nom<\/div><input type=\"text\" placeholder=\"Doe\" required class=\"uagb-forms-name-input uagb-forms-input\" name=\"624f0202\" autocomplete=\"family-name\"\/><\/div>\n\n\n\n<div class=\"wp-block-uagb-forms-email uagb-forms-email-wrap uagb-forms-field-set uagb-block-4a3ad1da\"><div class=\"uagb-forms-email-label  uagb-forms-input-label\" id=\"4a3ad1da\">Email<\/div><input type=\"email\" class=\"uagb-forms-email-input uagb-forms-input\" placeholder=\"example@mail.com\" name=\"4a3ad1da\" autocomplete=\"email\"\/><\/div>\n\n\n\n<div class=\"wp-block-uagb-forms-textarea uagb-forms-textarea-wrap uagb-forms-field-set uagb-block-620e5482\"><div class=\"uagb-forms-textarea-label required uagb-forms-input-label\" id=\"620e5482\">Message<\/div><textarea required class=\"uagb-forms-textarea-input uagb-forms-input\" rows=\"4\" placeholder=\"Enter your message\" name=\"620e5482\" autocomplete=\"off\"><\/textarea><\/div>\n<div class=\"uagb-forms-form-hidden-data\"><input type=\"hidden\" class=\"uagb_forms_form_label\" value=\"Spectra Form\"\/><input type=\"hidden\" class=\"uagb_forms_form_id\" value=\"uagb-form-297b73a2\"\/><\/div><div class=\"uagb-form-reacaptcha-error-297b73a2\"><\/div><div class=\"uagb-forms-main-submit-button-wrap wp-block-button\"><button class=\"uagb-forms-main-submit-button wp-block-button__link\"><div class=\"uagb-forms-main-submit-button-text\">Envoyer<\/div><\/button><\/div><\/form><div class=\"uagb-forms-success-message-297b73a2 uagb-forms-submit-message-hide\"><span>The form has been submitted successfully!<\/span><\/div><div class=\"uagb-forms-failed-message-297b73a2 uagb-forms-submit-message-hide\"><span>There has been some error while submitting the form. Please verify all form fields again.<\/span><\/div><\/div>\n\n\n\n<div class=\"wp-block-columns is-layout-flex wp-container-core-columns-is-layout-28f84493 wp-block-columns-is-layout-flex\">\n<div class=\"wp-block-column is-layout-flow wp-block-column-is-layout-flow\">\n<figure class=\"wp-block-image size-large\"><img loading=\"lazy\" decoding=\"async\" width=\"576\" height=\"1024\" src=\"https:\/\/www.maurice.louisst.o2switch.site\/blog\/wp-content\/uploads\/2024\/11\/IMG_7995-576x1024.jpg\" alt=\"\" class=\"wp-image-125\" srcset=\"https:\/\/www.maurice.louisst.o2switch.site\/blog\/wp-content\/uploads\/2024\/11\/IMG_7995-576x1024.jpg 576w, https:\/\/www.maurice.louisst.o2switch.site\/blog\/wp-content\/uploads\/2024\/11\/IMG_7995-169x300.jpg 169w, https:\/\/www.maurice.louisst.o2switch.site\/blog\/wp-content\/uploads\/2024\/11\/IMG_7995-768x1365.jpg 768w, https:\/\/www.maurice.louisst.o2switch.site\/blog\/wp-content\/uploads\/2024\/11\/IMG_7995.jpg 842w\" sizes=\"auto, (max-width: 576px) 100vw, 576px\" \/><\/figure>\n<\/div>\n\n\n\n<div class=\"wp-block-column is-layout-flow wp-block-column-is-layout-flow\">\n<figure class=\"wp-block-image size-large\"><img loading=\"lazy\" decoding=\"async\" width=\"576\" height=\"1024\" src=\"https:\/\/www.maurice.louisst.o2switch.site\/blog\/wp-content\/uploads\/2024\/11\/IMG_8019-Grande-576x1024.png\" alt=\"\" class=\"wp-image-127\" srcset=\"https:\/\/www.maurice.louisst.o2switch.site\/blog\/wp-content\/uploads\/2024\/11\/IMG_8019-Grande-576x1024.png 576w, https:\/\/www.maurice.louisst.o2switch.site\/blog\/wp-content\/uploads\/2024\/11\/IMG_8019-Grande-169x300.png 169w, https:\/\/www.maurice.louisst.o2switch.site\/blog\/wp-content\/uploads\/2024\/11\/IMG_8019-Grande.png 720w\" sizes=\"auto, (max-width: 576px) 100vw, 576px\" \/><\/figure>\n<\/div>\n<\/div>\n\n\n\n<div class=\"wp-block-uagb-image uagb-block-45e96c7f wp-block-uagb-image--layout-default wp-block-uagb-image--effect-static wp-block-uagb-image--align-none\"><figure class=\"wp-block-uagb-image__figure\"><\/figure><\/div>\n\n\n\n<p><\/p>\n","protected":false},"excerpt":{"rendered":"<p>Bienvenue sur Mulberry Tree, votre destination incontournable pour l&rsquo;univers de la mode et des expositions ! Nous vous invitons \u00e0 [&hellip;]<\/p>\n","protected":false},"author":1,"featured_media":0,"parent":0,"menu_order":0,"comment_status":"closed","ping_status":"closed","template":"","meta":{"_uag_custom_page_level_css":"","site-sidebar-layout":"default","site-content-layout":"","ast-site-content-layout":"","site-content-style":"default","site-sidebar-style":"default","ast-global-header-display":"","ast-banner-title-visibility":"","ast-main-header-display":"","ast-hfb-above-header-display":"","ast-hfb-below-header-display":"","ast-hfb-mobile-header-display":"","site-post-title":"","ast-breadcrumbs-content":"","ast-featured-img":"","footer-sml-layout":"","theme-transparent-header-meta":"","adv-header-id-meta":"","stick-header-meta":"","header-above-stick-meta":"","header-main-stick-meta":"","header-below-stick-meta":"","astra-migrate-meta-layouts":"default","ast-page-background-enabled":"default","ast-page-background-meta":{"desktop":{"background-color":"var(--ast-global-color-4)","background-image":"","background-repeat":"repeat","background-position":"center center","background-size":"auto","background-attachment":"scroll","background-type":"","background-media":"","overlay-type":"","overlay-color":"","overlay-opacity":"","overlay-gradient":""},"tablet":{"background-color":"","background-image":"","background-repeat":"repeat","background-position":"center center","background-size":"auto","background-attachment":"scroll","background-type":"","background-media":"","overlay-type":"","overlay-color":"","overlay-opacity":"","overlay-gradient":""},"mobile":{"background-color":"","background-image":"","background-repeat":"repeat","background-position":"center center","background-size":"auto","background-attachment":"scroll","background-type":"","background-media":"","overlay-type":"","overlay-color":"","overlay-opacity":"","overlay-gradient":""}},"ast-content-background-meta":{"desktop":{"background-color":"var(--ast-global-color-5)","background-image":"","background-repeat":"repeat","background-position":"center center","background-size":"auto","background-attachment":"scroll","background-type":"","background-media":"","overlay-type":"","overlay-color":"","overlay-opacity":"","overlay-gradient":""},"tablet":{"background-color":"var(--ast-global-color-5)","background-image":"","background-repeat":"repeat","background-position":"center center","background-size":"auto","background-attachment":"scroll","background-type":"","background-media":"","overlay-type":"","overlay-color":"","overlay-opacity":"","overlay-gradient":""},"mobile":{"background-color":"var(--ast-global-color-5)","background-image":"","background-repeat":"repeat","background-position":"center center","background-size":"auto","background-attachment":"scroll","background-type":"","background-media":"","overlay-type":"","overlay-color":"","overlay-opacity":"","overlay-gradient":""}},"footnotes":""},"class_list":["post-46","page","type-page","status-publish","hentry"],"uagb_featured_image_src":{"full":false,"thumbnail":false,"medium":false,"medium_large":false,"large":false,"1536x1536":false,"2048x2048":false},"uagb_author_info":{"display_name":"admin","author_link":"https:\/\/www.maurice.louisst.o2switch.site\/blog\/author\/admin\/"},"uagb_comment_info":0,"uagb_excerpt":"Bienvenue sur Mulberry Tree, votre destination incontournable pour l&rsquo;univers de la mode et des expositions ! Nous vous invitons \u00e0 [&hellip;]","_links":{"self":[{"href":"https:\/\/www.maurice.louisst.o2switch.site\/blog\/wp-json\/wp\/v2\/pages\/46","targetHints":{"allow":["GET"]}}],"collection":[{"href":"https:\/\/www.maurice.louisst.o2switch.site\/blog\/wp-json\/wp\/v2\/pages"}],"about":[{"href":"https:\/\/www.maurice.louisst.o2switch.site\/blog\/wp-json\/wp\/v2\/types\/page"}],"author":[{"embeddable":true,"href":"https:\/\/www.maurice.louisst.o2switch.site\/blog\/wp-json\/wp\/v2\/users\/1"}],"replies":[{"embeddable":true,"href":"https:\/\/www.maurice.louisst.o2switch.site\/blog\/wp-json\/wp\/v2\/comments?post=46"}],"version-history":[{"count":8,"href":"https:\/\/www.maurice.louisst.o2switch.site\/blog\/wp-json\/wp\/v2\/pages\/46\/revisions"}],"predecessor-version":[{"id":150,"href":"https:\/\/www.maurice.louisst.o2switch.site\/blog\/wp-json\/wp\/v2\/pages\/46\/revisions\/150"}],"wp:attachment":[{"href":"https:\/\/www.maurice.louisst.o2switch.site\/blog\/wp-json\/wp\/v2\/media?parent=46"}],"curies":[{"name":"wp","href":"https:\/\/api.w.org\/{rel}","templated":true}]}}