{"id":91,"date":"2024-10-13T22:17:59","date_gmt":"2024-10-13T22:17:59","guid":{"rendered":"https:\/\/www.maurice.louisst.o2switch.site\/blog\/?page_id=91"},"modified":"2024-11-19T23:34:52","modified_gmt":"2024-11-19T23:34:52","slug":"expositions","status":"publish","type":"page","link":"https:\/\/www.maurice.louisst.o2switch.site\/blog\/expositions\/","title":{"rendered":"Expositions"},"content":{"rendered":"\n<p>Les expositions sont des \u00e9v\u00e9nements culturels et artistiques o\u00f9 des \u0153uvres d\u2019art, des objets ou des collections sont pr\u00e9sent\u00e9es au public. Elles ont pour but de mettre en valeur un artiste, un mouvement, une \u00e9poque ou un th\u00e8me particulier, tout en offrant au spectateur une exp\u00e9rience visuelle et intellectuelle enrichissante. Les expositions peuvent se tenir dans des mus\u00e9es, des galeries, des espaces publics, ou m\u00eame dans des contextes non conventionnels comme les foires d&rsquo;art ou les \u00e9v\u00e9nements en plein air.<\/p>\n\n\n\n<p>Les expositions sont un moyen fondamental de diffuser l&rsquo;art, la culture et l\u2019histoire. Elles permettent de cr\u00e9er une interaction entre les \u0153uvres et le public, tout en offrant une occasion de r\u00e9flexion et de partage. Qu&rsquo;elles soient physiques ou virtuelles, permanentes ou temporaires, les expositions jouent un r\u00f4le essentiel dans l&rsquo;\u00e9ducation et l&rsquo;enrichissement culturel de la soci\u00e9t\u00e9.<\/p>\n","protected":false},"excerpt":{"rendered":"<p>Les expositions sont des \u00e9v\u00e9nements culturels et artistiques o\u00f9 des \u0153uvres d\u2019art, des objets ou des collections sont pr\u00e9sent\u00e9es au [&hellip;]<\/p>\n","protected":false},"author":1,"featured_media":0,"parent":0,"menu_order":0,"comment_status":"closed","ping_status":"closed","template":"","meta":{"_uag_custom_page_level_css":"","site-sidebar-layout":"default","site-content-layout":"","ast-site-content-layout":"","site-content-style":"default","site-sidebar-style":"default","ast-global-header-display":"","ast-banner-title-visibility":"","ast-main-header-display":"","ast-hfb-above-header-display":"","ast-hfb-below-header-display":"","ast-hfb-mobile-header-display":"","site-post-title":"","ast-breadcrumbs-content":"","ast-featured-img":"","footer-sml-layout":"","theme-transparent-header-meta":"","adv-header-id-meta":"","stick-header-meta":"","header-above-stick-meta":"","header-main-stick-meta":"","header-below-stick-meta":"","astra-migrate-meta-layouts":"default","ast-page-background-enabled":"default","ast-page-background-meta":{"desktop":{"background-color":"var(--ast-global-color-4)","background-image":"","background-repeat":"repeat","background-position":"center center","background-size":"auto","background-attachment":"scroll","background-type":"","background-media":"","overlay-type":"","overlay-color":"","overlay-opacity":"","overlay-gradient":""},"tablet":{"background-color":"","background-image":"","background-repeat":"repeat","background-position":"center center","background-size":"auto","background-attachment":"scroll","background-type":"","background-media":"","overlay-type":"","overlay-color":"","overlay-opacity":"","overlay-gradient":""},"mobile":{"background-color":"","background-image":"","background-repeat":"repeat","background-position":"center center","background-size":"auto","background-attachment":"scroll","background-type":"","background-media":"","overlay-type":"","overlay-color":"","overlay-opacity":"","overlay-gradient":""}},"ast-content-background-meta":{"desktop":{"background-color":"var(--ast-global-color-5)","background-image":"","background-repeat":"repeat","background-position":"center center","background-size":"auto","background-attachment":"scroll","background-type":"","background-media":"","overlay-type":"","overlay-color":"","overlay-opacity":"","overlay-gradient":""},"tablet":{"background-color":"var(--ast-global-color-5)","background-image":"","background-repeat":"repeat","background-position":"center center","background-size":"auto","background-attachment":"scroll","background-type":"","background-media":"","overlay-type":"","overlay-color":"","overlay-opacity":"","overlay-gradient":""},"mobile":{"background-color":"var(--ast-global-color-5)","background-image":"","background-repeat":"repeat","background-position":"center center","background-size":"auto","background-attachment":"scroll","background-type":"","background-media":"","overlay-type":"","overlay-color":"","overlay-opacity":"","overlay-gradient":""}},"footnotes":""},"class_list":["post-91","page","type-page","status-publish","hentry"],"uagb_featured_image_src":{"full":false,"thumbnail":false,"medium":false,"medium_large":false,"large":false,"1536x1536":false,"2048x2048":false},"uagb_author_info":{"display_name":"admin","author_link":"https:\/\/www.maurice.louisst.o2switch.site\/blog\/author\/admin\/"},"uagb_comment_info":0,"uagb_excerpt":"Les expositions sont des \u00e9v\u00e9nements culturels et artistiques o\u00f9 des \u0153uvres d\u2019art, des objets ou des collections sont pr\u00e9sent\u00e9es au [&hellip;]","_links":{"self":[{"href":"https:\/\/www.maurice.louisst.o2switch.site\/blog\/wp-json\/wp\/v2\/pages\/91","targetHints":{"allow":["GET"]}}],"collection":[{"href":"https:\/\/www.maurice.louisst.o2switch.site\/blog\/wp-json\/wp\/v2\/pages"}],"about":[{"href":"https:\/\/www.maurice.louisst.o2switch.site\/blog\/wp-json\/wp\/v2\/types\/page"}],"author":[{"embeddable":true,"href":"https:\/\/www.maurice.louisst.o2switch.site\/blog\/wp-json\/wp\/v2\/users\/1"}],"replies":[{"embeddable":true,"href":"https:\/\/www.maurice.louisst.o2switch.site\/blog\/wp-json\/wp\/v2\/comments?post=91"}],"version-history":[{"count":2,"href":"https:\/\/www.maurice.louisst.o2switch.site\/blog\/wp-json\/wp\/v2\/pages\/91\/revisions"}],"predecessor-version":[{"id":138,"href":"https:\/\/www.maurice.louisst.o2switch.site\/blog\/wp-json\/wp\/v2\/pages\/91\/revisions\/138"}],"wp:attachment":[{"href":"https:\/\/www.maurice.louisst.o2switch.site\/blog\/wp-json\/wp\/v2\/media?parent=91"}],"curies":[{"name":"wp","href":"https:\/\/api.w.org\/{rel}","templated":true}]}}